{"id":1050,"date":"2019-08-08T17:02:02","date_gmt":"2019-08-08T21:02:02","guid":{"rendered":"http:\/\/mvs.arieswebs.com\/?page_id=1050"},"modified":"2019-09-04T08:19:16","modified_gmt":"2019-09-04T12:19:16","slug":"pedagogical-model","status":"publish","type":"page","link":"https:\/\/www.miamivirtualschool.us\/es\/pedagogical-model\/","title":{"rendered":"Nuestro Modelo Pedag\u00f3gico"},"content":{"rendered":"<p>[vc_row full_width=\u00bbstretch_row_content\u00bb content_placement=\u00bbmiddle\u00bb animation_in_type=\u00bbtransition.fadeIn\u00bb animation_in_offset=\u00bb80&#8243; animation_in_duration=\u00bb800&#8243; animation_in_delay=\u00bb0&#8243;][vc_column parallax=\u00bbcontent-moving-fade\u00bb css=\u00bb.vc_custom_1527124668123{padding-top: 0px !important;padding-bottom: 0px !important;}\u00bb]\n<div id=\"rev_slider_3_1_wrapper\" class=\"rev_slider_wrapper fullwidthbanner-container\" data-source=\"gallery\" style=\"margin:0px auto;background:#ffffff;padding:0px;margin-top:0px;margin-bottom:0px;\">\n<!-- START REVOLUTION SLIDER 5.4.5.2 fullwidth mode -->\n\t<div id=\"rev_slider_3_1\" class=\"rev_slider fullwidthabanner\" style=\"display:none;\" data-version=\"5.4.5.2\">\n<ul>\t<!-- SLIDE  -->\n\t<li data-index=\"rs-3\" data-transition=\"slidingoverlayhorizontal\" data-slotamount=\"default\" data-hideafterloop=\"0\" data-hideslideonmobile=\"off\"  data-easein=\"default\" data-easeout=\"default\" data-masterspeed=\"1500\"  data-delay=\"5490\"  data-rotate=\"0\"  data-saveperformance=\"off\"  data-title=\"First\" data-param1=\"\" data-param2=\"\" data-param3=\"\" data-param4=\"\" data-param5=\"\" data-param6=\"\" data-param7=\"\" data-param8=\"\" data-param9=\"\" data-param10=\"\" data-description=\"\">\n\t\t<!-- MAIN IMAGE -->\n\t\t<img loading=\"lazy\" decoding=\"async\" src=\"https:\/\/www.miamivirtualschool.us\/es\/wp-content\/uploads\/2019\/08\/bg-banner-1.jpg\"  alt=\"\" title=\"bg-banner-1\"  width=\"1663\" height=\"674\" data-bgposition=\"center top\" data-bgfit=\"cover\" data-bgrepeat=\"no-repeat\" data-bgparallax=\"8\" class=\"rev-slidebg\" data-no-retina>\n\t\t<!-- LAYERS -->\n\t<\/li>\n<\/ul>\n<div class=\"tp-bannertimer tp-bottom\" style=\"visibility: hidden !important;\"><\/div>\t<\/div>\n<script>var htmlDiv = document.getElementById(\"rs-plugin-settings-inline-css\"); var htmlDivCss=\"\";\r\r\n\t\t\t\tif(htmlDiv) {\r\r\n\t\t\t\t\thtmlDiv.innerHTML = htmlDiv.innerHTML + htmlDivCss;\r\r\n\t\t\t\t}else{\r\r\n\t\t\t\t\tvar htmlDiv = document.createElement(\"div\");\r\r\n\t\t\t\t\thtmlDiv.innerHTML = \"<style>\" + htmlDivCss + \"<\/style>\";\r\r\n\t\t\t\t\tdocument.getElementsByTagName(\"head\")[0].appendChild(htmlDiv.childNodes[0]);\r\r\n\t\t\t\t}\r\r\n\t\t\t<\/script>\n\r\n\t\t<script type=\"text\/javascript\">\r\r\n\r\nsetREVStartSize({c: jQuery('#rev_slider_3_1'), gridwidth: [1240], gridheight: [370], sliderLayout: 'fullwidth'});\r\r\n\t\t\t\r\r\n\r\nvar revapi3,\r\r\n\ttpj=jQuery;\r\r\n\t\t\t\r\r\ntpj(document).ready(function() {\n\tif(tpj(\"#rev_slider_3_1\").revolution == undefined){\n\t\trevslider_showDoubleJqueryError(\"#rev_slider_3_1\");\n\t}else{\n\t\trevapi3 = tpj(\"#rev_slider_3_1\").show().revolution({\n\t\t\tsliderType:\"standard\",\n\t\t\tjsFileLocation:\"\/\/www.miamivirtualschool.us\/es\/wp-content\/plugins\/revslider\/public\/assets\/js\/\",\n\t\t\tsliderLayout:\"fullwidth\",\n\t\t\tdottedOverlay:\"none\",\n\t\t\tdelay:9000,\n\t\t\tnavigation: {\n\t\t\t\tkeyboardNavigation:\"off\",\n\t\t\t\tkeyboard_direction: \"horizontal\",\n\t\t\t\tmouseScrollNavigation:\"off\",\n \t\t\t\t\t\t\tmouseScrollReverse:\"default\",\n\t\t\t\tonHoverStop:\"off\",\n\t\t\t\ttouch:{\n\t\t\t\t\ttouchenabled:\"on\",\n\t\t\t\t\ttouchOnDesktop:\"on\",\n\t\t\t\t\tswipe_threshold: 75,\n\t\t\t\t\tswipe_min_touches: 1,\n\t\t\t\t\tswipe_direction: \"horizontal\",\n\t\t\t\t\tdrag_block_vertical: false\n\t\t\t\t}\n\t\t\t},\n\t\t\tvisibilityLevels:[1240,1024,778,480],\n\t\t\tgridwidth:1240,\n\t\t\tgridheight:370,\n\t\t\tlazyType:\"none\",\n\t\t\tparallax: {\n\t\t\t\ttype:\"mouse\",\n\t\t\t\torigo:\"enterpoint\",\n\t\t\t\tspeed:400,\n\t\t\t\tspeedbg:0,\n\t\t\t\tspeedls:0,\n\t\t\t\tlevels:[5,10,15,20,25,30,35,40,45,46,47,48,49,50,51,55],\n\t\t\t},\n\t\t\tshadow:0,\n\t\t\tspinner:\"off\",\n\t\t\tstopLoop:\"off\",\n\t\t\tstopAfterLoops:-1,\n\t\t\tstopAtSlide:-1,\n\t\t\tshuffle:\"off\",\n\t\t\tautoHeight:\"off\",\n\t\t\tdisableProgressBar:\"on\",\n\t\t\thideThumbsOnMobile:\"off\",\n\t\t\thideSliderAtLimit:0,\n\t\t\thideCaptionAtLimit:0,\n\t\t\thideAllCaptionAtLilmit:0,\n\t\t\tdebugMode:false,\n\t\t\tfallbacks: {\n\t\t\t\tsimplifyAll:\"off\",\n\t\t\t\tnextSlideOnWindowFocus:\"off\",\n\t\t\t\tdisableFocusListener:false,\n\t\t\t}\n\t\t});\n\t}\n\t\n});\t\/*ready*\/\n\r\n<\/script>\r\r\n\t\t<\/div><!-- END REVOLUTION SLIDER -->[\/vc_column][\/vc_row][vc_row full_width=\u00bbstretch_row\u00bb content_placement=\u00bbmiddle\u00bb css_animation=\u00bbnone\u00bb first_background_type=\u00bbgradient\u00bb first_background_gradient=\u00bb#33cccc||#609fe0||0;100||135||linear\u00bb css=\u00bb.vc_custom_1565298302897{padding-top: 35px !important;padding-bottom: 50px !important;background-color: #eff2f7 !important;background-position: center !important;background-repeat: no-repeat !important;background-size: contain !important;}\u00bb el_class=\u00bbbgpositionbottomcenter\u00bb][vc_column parallax=\u00bbcontent-moving\u00bb css_animation=\u00bbnone\u00bb animation_in_type=\u00bbtransition.fadeIn\u00bb animation_in_offset=\u00bb75&#8243; animation_in_duration=\u00bb1500&#8243; animation_in_delay=\u00bb0&#8243;]<div id=\"lvca-spacer-69f0a0e02610f\" class=\"lvca-spacer\" data-settings='{&quot;desktop_spacing&quot;:&quot;30&quot;,&quot;tablet_spacing&quot;:&quot;30&quot;,&quot;tablet_width&quot;:&quot;960&quot;,&quot;mobile_spacing&quot;:&quot;20&quot;,&quot;mobile_width&quot;:&quot;480&quot;}'><\/div>[vc_column_text]<\/p>\n<h1 style=\"text-align: center;\"><span style=\"color: #013d73;\"><span style=\"font-weight: 300;\">Nuestro<\/span>\u00a0Modelo Pedag\u00f3gico<\/span><\/h1>\n<p>[\/vc_column_text]<div id=\"lvca-spacer-69f0a0e026137\" class=\"lvca-spacer\" data-settings='{&quot;desktop_spacing&quot;:&quot;15&quot;,&quot;tablet_spacing&quot;:&quot;15&quot;,&quot;tablet_width&quot;:&quot;960&quot;,&quot;mobile_spacing&quot;:&quot;15&quot;,&quot;mobile_width&quot;:&quot;480&quot;}'><\/div>[vc_single_image image=\u00bb1034&#8243; img_size=\u00bbfull\u00bb alignment=\u00bbcenter\u00bb css=\u00bb.vc_custom_1565297142777{margin-bottom: 0px !important;}\u00bb]<div id=\"lvca-spacer-69f0a0e026147\" class=\"lvca-spacer\" data-settings='{&quot;desktop_spacing&quot;:&quot;10&quot;,&quot;tablet_spacing&quot;:&quot;10&quot;,&quot;tablet_width&quot;:&quot;960&quot;,&quot;mobile_spacing&quot;:&quot;10&quot;,&quot;mobile_width&quot;:&quot;480&quot;}'><\/div>[vc_column_text]El proyecto educativo ha optado por la pedagog\u00eda de la Educaci\u00f3n Virtual, que se puede implementar a trav\u00e9s de la Educaci\u00f3n Virtual y sus conceptos. Aqu\u00ed entendemos a una \u00abpersona\u00bb como individuo con voluntad aut\u00f3noma; \u00fanico; superando niveles de excelencia; pensamiento individual, activo y creativo; capaz de aceptar cr\u00edticas; libre y responsable Naturaleza sociable y cari\u00f1osa.<\/p>\n<p>Persona con habilidad; necesidades potenciales, existenciales y pensamiento axiol\u00f3gico; con diferentes tipos de inteligencia: ling\u00fc\u00edstica, l\u00f3gica, algor\u00edtmica, matem\u00e1tica, espacial, f\u00edsica, musical, inter e intra personal; naturista, trascendental.<\/p>\n<p>Desde el punto de vista metodol\u00f3gico, adoptamos la propuesta del Proyecto Cero, presentada por la Educaci\u00f3n para la Comprensi\u00f3n Internacional a trav\u00e9s de cables conductores, temas generativos, metas de comprensi\u00f3n, desempe\u00f1o de la comprensi\u00f3n y evaluaci\u00f3n continua. Estos principios buscan forjar un buen ciudadano, aut\u00f3nomo, cr\u00edtico, solidario, creativo, libre, responsable, investigativo, solidario y dispuesto a contribuir al desarrollo nacional.[\/vc_column_text]<div id=\"lvca-spacer-69f0a0e026155\" class=\"lvca-spacer\" data-settings='{&quot;desktop_spacing&quot;:&quot;30&quot;,&quot;tablet_spacing&quot;:&quot;30&quot;,&quot;tablet_width&quot;:&quot;960&quot;,&quot;mobile_spacing&quot;:&quot;30&quot;,&quot;mobile_width&quot;:&quot;480&quot;}'><\/div>[\/vc_column][\/vc_row][vc_row full_width=\u00bbstretch_row\u00bb content_placement=\u00bbmiddle\u00bb css_animation=\u00bbnone\u00bb first_background_type=\u00bbgradient\u00bb first_background_gradient=\u00bb#33cccc||#609fe0||0;100||135||linear\u00bb css=\u00bb.vc_custom_1565298214577{padding-top: 35px !important;padding-bottom: 60px !important;background-image: url(http:\/\/mvs.arieswebs.com\/wp-content\/uploads\/2017\/12\/bg-testimonials.jpg?id=877) !important;background-position: 0 0 !important;background-repeat: no-repeat !important;}\u00bb el_class=\u00bbbgpositiontopcenter\u00bb][vc_column parallax=\u00bbcontent-moving\u00bb css_animation=\u00bbnone\u00bb alignment=\u00bbcenter\u00bb animation_in_type=\u00bbtransition.fadeIn\u00bb animation_in_offset=\u00bb75&#8243; animation_in_duration=\u00bb1500&#8243; animation_in_delay=\u00bb0&#8243;]<div id=\"lvca-spacer-69f0a0e026162\" class=\"lvca-spacer\" data-settings='{&quot;desktop_spacing&quot;:&quot;30&quot;,&quot;tablet_spacing&quot;:&quot;30&quot;,&quot;tablet_width&quot;:&quot;960&quot;,&quot;mobile_spacing&quot;:&quot;20&quot;,&quot;mobile_width&quot;:&quot;480&quot;}'><\/div>[vc_column_text]<\/p>\n<h2 style=\"text-align: center;\"><span style=\"color: #013d73;\"><span style=\"font-weight: 300;\">LO QUE DICEN<\/span> NUESTROS ESTUDIANTES<\/span><\/h2>\n<p>[\/vc_column_text]<div id=\"lvca-spacer-69f0a0e02616e\" class=\"lvca-spacer\" data-settings='{&quot;desktop_spacing&quot;:&quot;15&quot;,&quot;tablet_spacing&quot;:&quot;15&quot;,&quot;tablet_width&quot;:&quot;960&quot;,&quot;mobile_spacing&quot;:&quot;15&quot;,&quot;mobile_width&quot;:&quot;480&quot;}'><\/div>[vc_single_image image=\u00bb1034&#8243; img_size=\u00bbfull\u00bb alignment=\u00bbcenter\u00bb css=\u00bb.vc_custom_1565095155467{margin-bottom: 0px !important;}\u00bb]<div id=\"lvca-spacer-69f0a0e02617a\" class=\"lvca-spacer\" data-settings='{&quot;desktop_spacing&quot;:&quot;20&quot;,&quot;tablet_spacing&quot;:&quot;20&quot;,&quot;tablet_width&quot;:&quot;960&quot;,&quot;mobile_spacing&quot;:&quot;20&quot;,&quot;mobile_width&quot;:&quot;480&quot;}'><\/div>[vc_row_inner gap=\u00bb20&#8243;][vc_column_inner width=\u00bb1\/2&#8243;][vc_raw_html]JTNDaWZyYW1lJTIwd2lkdGglM0QlMjIxMDAlMjUlMjIlMjBoZWlnaHQlM0QlMjIzMTUlMjIlMjBzcmMlM0QlMjJodHRwcyUzQSUyRiUyRnd3dy55b3V0dWJlLmNvbSUyRmVtYmVkJTJGVEJxU1I3VU1fQmMlMjIlMjBmcmFtZWJvcmRlciUzRCUyMjAlMjIlMjBhbGxvdyUzRCUyMmFjY2VsZXJvbWV0ZXIlM0IlMjBhdXRvcGxheSUzQiUyMGVuY3J5cHRlZC1tZWRpYSUzQiUyMGd5cm9zY29wZSUzQiUyMHBpY3R1cmUtaW4tcGljdHVyZSUyMiUyMGFsbG93ZnVsbHNjcmVlbiUzRSUzQyUyRmlmcmFtZSUzRQ==[\/vc_raw_html][\/vc_column_inner][vc_column_inner width=\u00bb1\/2&#8243;][vc_raw_html]JTNDaWZyYW1lJTIwd2lkdGglM0QlMjIxMDAlMjUlMjIlMjBoZWlnaHQlM0QlMjIzMTUlMjIlMjBzcmMlM0QlMjJodHRwcyUzQSUyRiUyRnd3dy55b3V0dWJlLmNvbSUyRmVtYmVkJTJGSmpEZHZGVkJsalklMjIlMjBmcmFtZWJvcmRlciUzRCUyMjAlMjIlMjBhbGxvdyUzRCUyMmFjY2VsZXJvbWV0ZXIlM0IlMjBhdXRvcGxheSUzQiUyMGVuY3J5cHRlZC1tZWRpYSUzQiUyMGd5cm9zY29wZSUzQiUyMHBpY3R1cmUtaW4tcGljdHVyZSUyMiUyMGFsbG93ZnVsbHNjcmVlbiUzRSUzQyUyRmlmcmFtZSUzRQ==[\/vc_raw_html][\/vc_column_inner][\/vc_row_inner]<div id=\"lvca-spacer-69f0a0e026185\" class=\"lvca-spacer\" data-settings='{&quot;desktop_spacing&quot;:&quot;20&quot;,&quot;tablet_spacing&quot;:&quot;20&quot;,&quot;tablet_width&quot;:&quot;960&quot;,&quot;mobile_spacing&quot;:&quot;20&quot;,&quot;mobile_width&quot;:&quot;480&quot;}'><\/div>[\/vc_column][\/vc_row]<\/p>\n","protected":false},"excerpt":{"rendered":"<p>[vc_row full_width=\u00bbstretch_row_content\u00bb content_placement=\u00bbmiddle\u00bb animation_in_type=\u00bbtransition.fadeIn\u00bb animation_in_offset=\u00bb80&#8243; animation_in_duration=\u00bb800&#8243; animation_in_delay=\u00bb0&#8243;][vc_column parallax=\u00bbcontent-moving-fade\u00bb css=\u00bb.vc_custom_1527124668123{padding-top: 0px !important;padding-bottom: 0px !important;}\u00bb][\/vc_column][\/vc_row][vc_row full_width=\u00bbstretch_row\u00bb content_placement=\u00bbmiddle\u00bb css_animation=\u00bbnone\u00bb first_background_type=\u00bbgradient\u00bb first_background_gradient=\u00bb#33cccc||#609fe0||0;100||135||linear\u00bb css=\u00bb.vc_custom_1565298302897{padding-top: 35px !important;padding-bottom: 50px !important;background-color: #eff2f7 !important;background-position: center !important;background-repeat: no-repeat !important;background-size: contain !important;}\u00bb el_class=\u00bbbgpositionbottomcenter\u00bb][vc_column parallax=\u00bbcontent-moving\u00bb css_animation=\u00bbnone\u00bb animation_in_type=\u00bbtransition.fadeIn\u00bb animation_in_offset=\u00bb75&#8243; animation_in_duration=\u00bb1500&#8243; animation_in_delay=\u00bb0&#8243;][vc_column_text] Nuestro\u00a0Modelo Pedag\u00f3gico [\/vc_column_text][vc_single_image image=\u00bb1034&#8243; img_size=\u00bbfull\u00bb alignment=\u00bbcenter\u00bb css=\u00bb.vc_custom_1565297142777{margin-bottom: 0px !important;}\u00bb][vc_column_text]El proyecto educativo ha optado por la pedagog\u00eda de<\/p>\n","protected":false},"author":38,"featured_media":0,"parent":0,"menu_order":0,"comment_status":"closed","ping_status":"closed","template":"","meta":{"_joinchat":[],"footnotes":""},"yoast_head":"<!-- This site is optimized with the Yoast SEO plugin v20.1 - https:\/\/yoast.com\/wordpress\/plugins\/seo\/ -->\n<title>Nuestro Modelo Pedag\u00f3gico - Miami Virtual School<\/title>\n<meta name=\"robots\" content=\"index, follow, max-snippet:-1, max-image-preview:large, max-video-preview:-1\" \/>\n<link rel=\"canonical\" href=\"https:\/\/www.miamivirtualschool.us\/es\/pedagogical-model\/\" \/>\n<meta property=\"og:locale\" content=\"es_ES\" \/>\n<meta property=\"og:type\" content=\"article\" \/>\n<meta property=\"og:title\" content=\"Nuestro Modelo Pedag\u00f3gico - Miami Virtual School\" \/>\n<meta property=\"og:description\" content=\"[vc_row full_width=\u00bbstretch_row_content\u00bb content_placement=\u00bbmiddle\u00bb animation_in_type=\u00bbtransition.fadeIn\u00bb animation_in_offset=\u00bb80&#8243; animation_in_duration=\u00bb800&#8243; animation_in_delay=\u00bb0&#8243;][vc_column parallax=\u00bbcontent-moving-fade\u00bb css=\u00bb.vc_custom_1527124668123{padding-top: 0px !important;padding-bottom: 0px !important;}\u00bb][\/vc_column][\/vc_row][vc_row full_width=\u00bbstretch_row\u00bb content_placement=\u00bbmiddle\u00bb css_animation=\u00bbnone\u00bb first_background_type=\u00bbgradient\u00bb first_background_gradient=\u00bb#33cccc||#609fe0||0;100||135||linear\u00bb css=\u00bb.vc_custom_1565298302897{padding-top: 35px !important;padding-bottom: 50px !important;background-color: #eff2f7 !important;background-position: center !important;background-repeat: no-repeat !important;background-size: contain !important;}\u00bb el_class=\u00bbbgpositionbottomcenter\u00bb][vc_column parallax=\u00bbcontent-moving\u00bb css_animation=\u00bbnone\u00bb animation_in_type=\u00bbtransition.fadeIn\u00bb animation_in_offset=\u00bb75&#8243; animation_in_duration=\u00bb1500&#8243; animation_in_delay=\u00bb0&#8243;][vc_column_text] Nuestro\u00a0Modelo Pedag\u00f3gico [\/vc_column_text][vc_single_image image=\u00bb1034&#8243; img_size=\u00bbfull\u00bb alignment=\u00bbcenter\u00bb css=\u00bb.vc_custom_1565297142777{margin-bottom: 0px !important;}\u00bb][vc_column_text]El proyecto educativo ha optado por la pedagog\u00eda de\" \/>\n<meta property=\"og:url\" content=\"https:\/\/www.miamivirtualschool.us\/es\/pedagogical-model\/\" \/>\n<meta property=\"og:site_name\" content=\"Miami Virtual School\" \/>\n<meta property=\"article:modified_time\" content=\"2019-09-04T12:19:16+00:00\" \/>\n<meta name=\"twitter:card\" content=\"summary_large_image\" \/>\n<meta name=\"twitter:label1\" content=\"Tiempo de lectura\" \/>\n\t<meta name=\"twitter:data1\" content=\"3 minutos\" \/>\n<script type=\"application\/ld+json\" class=\"yoast-schema-graph\">{\"@context\":\"https:\/\/schema.org\",\"@graph\":[{\"@type\":\"WebPage\",\"@id\":\"https:\/\/www.miamivirtualschool.us\/es\/pedagogical-model\/\",\"url\":\"https:\/\/www.miamivirtualschool.us\/es\/pedagogical-model\/\",\"name\":\"Nuestro Modelo Pedag\u00f3gico - Miami Virtual School\",\"isPartOf\":{\"@id\":\"https:\/\/www.miamivirtualschool.us\/es\/#website\"},\"datePublished\":\"2019-08-08T21:02:02+00:00\",\"dateModified\":\"2019-09-04T12:19:16+00:00\",\"breadcrumb\":{\"@id\":\"https:\/\/www.miamivirtualschool.us\/es\/pedagogical-model\/#breadcrumb\"},\"inLanguage\":\"es\",\"potentialAction\":[{\"@type\":\"ReadAction\",\"target\":[\"https:\/\/www.miamivirtualschool.us\/es\/pedagogical-model\/\"]}]},{\"@type\":\"BreadcrumbList\",\"@id\":\"https:\/\/www.miamivirtualschool.us\/es\/pedagogical-model\/#breadcrumb\",\"itemListElement\":[{\"@type\":\"ListItem\",\"position\":1,\"name\":\"Home\",\"item\":\"https:\/\/www.miamivirtualschool.us\/es\/\"},{\"@type\":\"ListItem\",\"position\":2,\"name\":\"Nuestro Modelo Pedag\u00f3gico\"}]},{\"@type\":\"WebSite\",\"@id\":\"https:\/\/www.miamivirtualschool.us\/es\/#website\",\"url\":\"https:\/\/www.miamivirtualschool.us\/es\/\",\"name\":\"Miami Virtual School\",\"description\":\"\",\"potentialAction\":[{\"@type\":\"SearchAction\",\"target\":{\"@type\":\"EntryPoint\",\"urlTemplate\":\"https:\/\/www.miamivirtualschool.us\/es\/?s={search_term_string}\"},\"query-input\":\"required name=search_term_string\"}],\"inLanguage\":\"es\"}]}<\/script>\n<!-- \/ Yoast SEO plugin. -->","yoast_head_json":{"title":"Nuestro Modelo Pedag\u00f3gico - Miami Virtual School","robots":{"index":"index","follow":"follow","max-snippet":"max-snippet:-1","max-image-preview":"max-image-preview:large","max-video-preview":"max-video-preview:-1"},"canonical":"https:\/\/www.miamivirtualschool.us\/es\/pedagogical-model\/","og_locale":"es_ES","og_type":"article","og_title":"Nuestro Modelo Pedag\u00f3gico - Miami Virtual School","og_description":"[vc_row full_width=\u00bbstretch_row_content\u00bb content_placement=\u00bbmiddle\u00bb animation_in_type=\u00bbtransition.fadeIn\u00bb animation_in_offset=\u00bb80&#8243; animation_in_duration=\u00bb800&#8243; animation_in_delay=\u00bb0&#8243;][vc_column parallax=\u00bbcontent-moving-fade\u00bb css=\u00bb.vc_custom_1527124668123{padding-top: 0px !important;padding-bottom: 0px !important;}\u00bb][\/vc_column][\/vc_row][vc_row full_width=\u00bbstretch_row\u00bb content_placement=\u00bbmiddle\u00bb css_animation=\u00bbnone\u00bb first_background_type=\u00bbgradient\u00bb first_background_gradient=\u00bb#33cccc||#609fe0||0;100||135||linear\u00bb css=\u00bb.vc_custom_1565298302897{padding-top: 35px !important;padding-bottom: 50px !important;background-color: #eff2f7 !important;background-position: center !important;background-repeat: no-repeat !important;background-size: contain !important;}\u00bb el_class=\u00bbbgpositionbottomcenter\u00bb][vc_column parallax=\u00bbcontent-moving\u00bb css_animation=\u00bbnone\u00bb animation_in_type=\u00bbtransition.fadeIn\u00bb animation_in_offset=\u00bb75&#8243; animation_in_duration=\u00bb1500&#8243; animation_in_delay=\u00bb0&#8243;][vc_column_text] Nuestro\u00a0Modelo Pedag\u00f3gico [\/vc_column_text][vc_single_image image=\u00bb1034&#8243; img_size=\u00bbfull\u00bb alignment=\u00bbcenter\u00bb css=\u00bb.vc_custom_1565297142777{margin-bottom: 0px !important;}\u00bb][vc_column_text]El proyecto educativo ha optado por la pedagog\u00eda de","og_url":"https:\/\/www.miamivirtualschool.us\/es\/pedagogical-model\/","og_site_name":"Miami Virtual School","article_modified_time":"2019-09-04T12:19:16+00:00","twitter_card":"summary_large_image","twitter_misc":{"Tiempo de lectura":"3 minutos"},"schema":{"@context":"https:\/\/schema.org","@graph":[{"@type":"WebPage","@id":"https:\/\/www.miamivirtualschool.us\/es\/pedagogical-model\/","url":"https:\/\/www.miamivirtualschool.us\/es\/pedagogical-model\/","name":"Nuestro Modelo Pedag\u00f3gico - Miami Virtual School","isPartOf":{"@id":"https:\/\/www.miamivirtualschool.us\/es\/#website"},"datePublished":"2019-08-08T21:02:02+00:00","dateModified":"2019-09-04T12:19:16+00:00","breadcrumb":{"@id":"https:\/\/www.miamivirtualschool.us\/es\/pedagogical-model\/#breadcrumb"},"inLanguage":"es","potentialAction":[{"@type":"ReadAction","target":["https:\/\/www.miamivirtualschool.us\/es\/pedagogical-model\/"]}]},{"@type":"BreadcrumbList","@id":"https:\/\/www.miamivirtualschool.us\/es\/pedagogical-model\/#breadcrumb","itemListElement":[{"@type":"ListItem","position":1,"name":"Home","item":"https:\/\/www.miamivirtualschool.us\/es\/"},{"@type":"ListItem","position":2,"name":"Nuestro Modelo Pedag\u00f3gico"}]},{"@type":"WebSite","@id":"https:\/\/www.miamivirtualschool.us\/es\/#website","url":"https:\/\/www.miamivirtualschool.us\/es\/","name":"Miami Virtual School","description":"","potentialAction":[{"@type":"SearchAction","target":{"@type":"EntryPoint","urlTemplate":"https:\/\/www.miamivirtualschool.us\/es\/?s={search_term_string}"},"query-input":"required name=search_term_string"}],"inLanguage":"es"}]}},"_links":{"self":[{"href":"https:\/\/www.miamivirtualschool.us\/es\/wp-json\/wp\/v2\/pages\/1050"}],"collection":[{"href":"https:\/\/www.miamivirtualschool.us\/es\/wp-json\/wp\/v2\/pages"}],"about":[{"href":"https:\/\/www.miamivirtualschool.us\/es\/wp-json\/wp\/v2\/types\/page"}],"author":[{"embeddable":true,"href":"https:\/\/www.miamivirtualschool.us\/es\/wp-json\/wp\/v2\/users\/38"}],"replies":[{"embeddable":true,"href":"https:\/\/www.miamivirtualschool.us\/es\/wp-json\/wp\/v2\/comments?post=1050"}],"version-history":[{"count":0,"href":"https:\/\/www.miamivirtualschool.us\/es\/wp-json\/wp\/v2\/pages\/1050\/revisions"}],"wp:attachment":[{"href":"https:\/\/www.miamivirtualschool.us\/es\/wp-json\/wp\/v2\/media?parent=1050"}],"curies":[{"name":"wp","href":"https:\/\/api.w.org\/{rel}","templated":true}]}}