{"id":1053,"date":"2019-08-08T17:16:16","date_gmt":"2019-08-08T21:16:16","guid":{"rendered":"http:\/\/mvs.arieswebs.com\/?page_id=1053"},"modified":"2019-09-04T08:19:16","modified_gmt":"2019-09-04T12:19:16","slug":"admissions-payment","status":"publish","type":"page","link":"https:\/\/www.miamivirtualschool.us\/es\/admissions-payment\/","title":{"rendered":"Admisiones y Pago"},"content":{"rendered":"<p>[vc_row full_width=\u00bbstretch_row_content\u00bb content_placement=\u00bbmiddle\u00bb animation_in_type=\u00bbtransition.fadeIn\u00bb animation_in_offset=\u00bb80&#8243; animation_in_duration=\u00bb800&#8243; animation_in_delay=\u00bb0&#8243;][vc_column parallax=\u00bbcontent-moving-fade\u00bb css=\u00bb.vc_custom_1527124668123{padding-top: 0px !important;padding-bottom: 0px !important;}\u00bb]\n<div id=\"rev_slider_3_1_wrapper\" class=\"rev_slider_wrapper fullwidthbanner-container\" data-source=\"gallery\" style=\"margin:0px auto;background:#ffffff;padding:0px;margin-top:0px;margin-bottom:0px;\">\n<!-- START REVOLUTION SLIDER 5.4.5.2 fullwidth mode -->\n\t<div id=\"rev_slider_3_1\" class=\"rev_slider fullwidthabanner\" style=\"display:none;\" data-version=\"5.4.5.2\">\n<ul>\t<!-- SLIDE  -->\n\t<li data-index=\"rs-3\" data-transition=\"slidingoverlayhorizontal\" data-slotamount=\"default\" data-hideafterloop=\"0\" data-hideslideonmobile=\"off\"  data-easein=\"default\" data-easeout=\"default\" data-masterspeed=\"1500\"  data-delay=\"5490\"  data-rotate=\"0\"  data-saveperformance=\"off\"  data-title=\"First\" data-param1=\"\" data-param2=\"\" data-param3=\"\" data-param4=\"\" data-param5=\"\" data-param6=\"\" data-param7=\"\" data-param8=\"\" data-param9=\"\" data-param10=\"\" data-description=\"\">\n\t\t<!-- MAIN IMAGE -->\n\t\t<img loading=\"lazy\" decoding=\"async\" src=\"https:\/\/www.miamivirtualschool.us\/es\/wp-content\/uploads\/2019\/08\/bg-banner-1.jpg\"  alt=\"\" title=\"bg-banner-1\"  width=\"1663\" height=\"674\" data-bgposition=\"center top\" data-bgfit=\"cover\" data-bgrepeat=\"no-repeat\" data-bgparallax=\"8\" class=\"rev-slidebg\" data-no-retina>\n\t\t<!-- LAYERS -->\n\t<\/li>\n<\/ul>\n<div class=\"tp-bannertimer tp-bottom\" style=\"visibility: hidden !important;\"><\/div>\t<\/div>\n<script>var htmlDiv = document.getElementById(\"rs-plugin-settings-inline-css\"); var htmlDivCss=\"\";\r\r\n\t\t\t\tif(htmlDiv) {\r\r\n\t\t\t\t\thtmlDiv.innerHTML = htmlDiv.innerHTML + htmlDivCss;\r\r\n\t\t\t\t}else{\r\r\n\t\t\t\t\tvar htmlDiv = document.createElement(\"div\");\r\r\n\t\t\t\t\thtmlDiv.innerHTML = \"<style>\" + htmlDivCss + \"<\/style>\";\r\r\n\t\t\t\t\tdocument.getElementsByTagName(\"head\")[0].appendChild(htmlDiv.childNodes[0]);\r\r\n\t\t\t\t}\r\r\n\t\t\t<\/script>\n\r\n\t\t<script type=\"text\/javascript\">\r\r\n\r\nsetREVStartSize({c: jQuery('#rev_slider_3_1'), gridwidth: [1240], gridheight: [370], sliderLayout: 'fullwidth'});\r\r\n\t\t\t\r\r\n\r\nvar revapi3,\r\r\n\ttpj=jQuery;\r\r\n\t\t\t\r\r\ntpj(document).ready(function() {\n\tif(tpj(\"#rev_slider_3_1\").revolution == undefined){\n\t\trevslider_showDoubleJqueryError(\"#rev_slider_3_1\");\n\t}else{\n\t\trevapi3 = tpj(\"#rev_slider_3_1\").show().revolution({\n\t\t\tsliderType:\"standard\",\n\t\t\tjsFileLocation:\"\/\/www.miamivirtualschool.us\/es\/wp-content\/plugins\/revslider\/public\/assets\/js\/\",\n\t\t\tsliderLayout:\"fullwidth\",\n\t\t\tdottedOverlay:\"none\",\n\t\t\tdelay:9000,\n\t\t\tnavigation: {\n\t\t\t\tkeyboardNavigation:\"off\",\n\t\t\t\tkeyboard_direction: \"horizontal\",\n\t\t\t\tmouseScrollNavigation:\"off\",\n \t\t\t\t\t\t\tmouseScrollReverse:\"default\",\n\t\t\t\tonHoverStop:\"off\",\n\t\t\t\ttouch:{\n\t\t\t\t\ttouchenabled:\"on\",\n\t\t\t\t\ttouchOnDesktop:\"on\",\n\t\t\t\t\tswipe_threshold: 75,\n\t\t\t\t\tswipe_min_touches: 1,\n\t\t\t\t\tswipe_direction: \"horizontal\",\n\t\t\t\t\tdrag_block_vertical: false\n\t\t\t\t}\n\t\t\t},\n\t\t\tvisibilityLevels:[1240,1024,778,480],\n\t\t\tgridwidth:1240,\n\t\t\tgridheight:370,\n\t\t\tlazyType:\"none\",\n\t\t\tparallax: {\n\t\t\t\ttype:\"mouse\",\n\t\t\t\torigo:\"enterpoint\",\n\t\t\t\tspeed:400,\n\t\t\t\tspeedbg:0,\n\t\t\t\tspeedls:0,\n\t\t\t\tlevels:[5,10,15,20,25,30,35,40,45,46,47,48,49,50,51,55],\n\t\t\t},\n\t\t\tshadow:0,\n\t\t\tspinner:\"off\",\n\t\t\tstopLoop:\"off\",\n\t\t\tstopAfterLoops:-1,\n\t\t\tstopAtSlide:-1,\n\t\t\tshuffle:\"off\",\n\t\t\tautoHeight:\"off\",\n\t\t\tdisableProgressBar:\"on\",\n\t\t\thideThumbsOnMobile:\"off\",\n\t\t\thideSliderAtLimit:0,\n\t\t\thideCaptionAtLimit:0,\n\t\t\thideAllCaptionAtLilmit:0,\n\t\t\tdebugMode:false,\n\t\t\tfallbacks: {\n\t\t\t\tsimplifyAll:\"off\",\n\t\t\t\tnextSlideOnWindowFocus:\"off\",\n\t\t\t\tdisableFocusListener:false,\n\t\t\t}\n\t\t});\n\t}\n\t\n});\t\/*ready*\/\n\r\n<\/script>\r\r\n\t\t<\/div><!-- END REVOLUTION SLIDER -->[\/vc_column][\/vc_row][vc_row full_width=\u00bbstretch_row\u00bb gap=\u00bb30&#8243; content_placement=\u00bbmiddle\u00bb css_animation=\u00bbnone\u00bb first_background_type=\u00bbgradient\u00bb first_background_gradient=\u00bb#33cccc||#609fe0||0;100||135||linear\u00bb css=\u00bb.vc_custom_1565299201754{padding-top: 10px !important;padding-bottom: 70px !important;}\u00bb el_class=\u00bbbgpositiontopcenter\u00bb][vc_column parallax=\u00bbcontent-moving\u00bb css_animation=\u00bbnone\u00bb width=\u00bb7\/12&#8243; animation_in_type=\u00bbtransition.fadeIn\u00bb animation_in_offset=\u00bb75&#8243; animation_in_duration=\u00bb1500&#8243; animation_in_delay=\u00bb0&#8243;]<div id=\"lvca-spacer-69f0a0d51bcc3\" class=\"lvca-spacer\" data-settings='{&quot;desktop_spacing&quot;:&quot;30&quot;,&quot;tablet_spacing&quot;:&quot;30&quot;,&quot;tablet_width&quot;:&quot;960&quot;,&quot;mobile_spacing&quot;:&quot;20&quot;,&quot;mobile_width&quot;:&quot;480&quot;}'><\/div>[vc_column_text]<\/p>\n<h1 style=\"text-align: left;\"><span style=\"color: #013d73;\">Admisiones y Pago<\/span><\/h1>\n<p>[\/vc_column_text]<div id=\"lvca-spacer-69f0a0d51bcf3\" class=\"lvca-spacer\" data-settings='{&quot;desktop_spacing&quot;:&quot;20&quot;,&quot;tablet_spacing&quot;:&quot;20&quot;,&quot;tablet_width&quot;:&quot;960&quot;,&quot;mobile_spacing&quot;:&quot;20&quot;,&quot;mobile_width&quot;:&quot;480&quot;}'><\/div>[vc_single_image image=\u00bb1034&#8243; img_size=\u00bbfull\u00bb css=\u00bb.vc_custom_1565092562416{margin-bottom: 0px !important;}\u00bb]<div id=\"lvca-spacer-69f0a0d51bd01\" class=\"lvca-spacer\" data-settings='{&quot;desktop_spacing&quot;:&quot;10&quot;,&quot;tablet_spacing&quot;:&quot;10&quot;,&quot;tablet_width&quot;:&quot;960&quot;,&quot;mobile_spacing&quot;:&quot;10&quot;,&quot;mobile_width&quot;:&quot;480&quot;}'><\/div>[vc_column_text]A partir del primer grado en los est\u00e1ndares de educaci\u00f3n de EE. UU., sus hijos estudiar\u00e1n materias obligatorias. Pero uno de los ajustes m\u00e1s importantes que ofrecemos es la versi\u00f3n local del plan de estudios de Ciencias Sociales de acuerdo con su ubicaci\u00f3n de residencia permanente.<\/p>\n<p>Esto permite ofrecer una educaci\u00f3n integral, brindando a sus hijos conocimientos generales y espec\u00edficos, ense\u00f1\u00e1ndoles buenos h\u00e1bitos y valores humanos. Nuestros tutores en colaboraci\u00f3n con los padres ayudan a los alumnos a evolucionar y luego continuar su educaci\u00f3n en las escuelas intermedias y secundarias del pa\u00eds de su residencia. Utilizamos la plataforma de Google para garantizar el m\u00e1s alto nivel de satisfacci\u00f3n y compatibilidad t\u00e9cnica con diferentes computadoras y dispositivos con capacidad para Internet.[\/vc_column_text]<div id=\"lvca-spacer-69f0a0d51bd0e\" class=\"lvca-spacer\" data-settings='{&quot;desktop_spacing&quot;:&quot;10&quot;,&quot;tablet_spacing&quot;:&quot;10&quot;,&quot;tablet_width&quot;:&quot;960&quot;,&quot;mobile_spacing&quot;:&quot;10&quot;,&quot;mobile_width&quot;:&quot;480&quot;}'><\/div>[\/vc_column][vc_column width=\u00bb5\/12&#8243; alignment=\u00bbcenter\u00bb css=\u00bb.vc_custom_1565111839250{margin-right: 5% !important;margin-left: 8% !important;border-top-width: 1px !important;border-right-width: 1px !important;border-bottom-width: 1px !important;border-left-width: 1px !important;padding-top: 25px !important;padding-right: 30px !important;padding-bottom: 40px !important;padding-left: 30px !important;border-left-color: #ffc316 !important;border-left-style: solid !important;border-right-color: #ffc316 !important;border-right-style: solid !important;border-top-color: #ffc316 !important;border-top-style: solid !important;border-bottom-color: #ffc316 !important;border-bottom-style: solid !important;}\u00bb][vc_column_text]<\/p>\n<h3 style=\"text-align: center;\"><span style=\"color: #013d72;\">INSCRIPCI\u00d3N <\/span><span style=\"color: #013d72;\"> ABIERTA<\/span><\/h3>\n<h4 style=\"text-align: center;\"><em><span style=\"color: #013d72;\">Te invitamos a ser parte de la comunidad que ha descubierto en la educaci\u00f3n virtual, su mejor opci\u00f3n.<\/span><\/em><\/h4>\n<p>[\/vc_column_text]<div id=\"lvca-spacer-69f0a0d51bd1a\" class=\"lvca-spacer\" data-settings='{&quot;desktop_spacing&quot;:&quot;15&quot;,&quot;tablet_spacing&quot;:&quot;15&quot;,&quot;tablet_width&quot;:&quot;960&quot;,&quot;mobile_spacing&quot;:&quot;15&quot;,&quot;mobile_width&quot;:&quot;480&quot;}'><\/div><a href=\"http:\/\/www.siscoed.com\/siscoed\/login\/registro\/3\" target=\"_blank\" title=\"\"  data-id=\"mpc_button-1069f0a0d51bde0\" class=\"mpc-button mpc-init mpc-transition \" ><div class=\"mpc-button__content mpc-effect-type--none mpc-effect-side--none\"><span class=\"mpc-button__title mpc-transition\">\u00a1REG\u00cdSTRATE AHORA!<\/span><\/div><div class=\"mpc-button__background mpc-transition mpc-effect-type--fade mpc-effect-side--in\"><\/div><\/a>[\/vc_column][\/vc_row][vc_row full_width=\u00bbstretch_row\u00bb content_placement=\u00bbmiddle\u00bb css_animation=\u00bbnone\u00bb first_background_type=\u00bbgradient\u00bb first_background_gradient=\u00bb#33cccc||#609fe0||0;100||135||linear\u00bb css=\u00bb.vc_custom_1565112392787{padding-top: 60px !important;padding-bottom: 70px !important;background-color: #eff2f7 !important;background-position: center !important;background-repeat: no-repeat !important;background-size: cover !important;}\u00bb el_class=\u00bbbgpositioncenter \u00ab][vc_column][vc_row_inner css=\u00bb.vc_custom_1566496321070{margin-right: 2% !important;margin-left: 2% !important;padding-right: 3% !important;padding-left: 3% !important;background-image: url(https:\/\/www.miamivirtualschool.us\/es\/wp-content\/uploads\/2017\/12\/bg-cta.jpg?id=1035) !important;background-position: center !important;background-repeat: no-repeat !important;background-size: cover !important;}\u00bb][vc_column_inner width=\u00bb1\/2&#8243;]<div id=\"lvca-spacer-69f0a0d51be5e\" class=\"lvca-spacer\" data-settings='{&quot;desktop_spacing&quot;:&quot;20&quot;,&quot;tablet_spacing&quot;:&quot;20&quot;,&quot;tablet_width&quot;:&quot;960&quot;,&quot;mobile_spacing&quot;:&quot;20&quot;,&quot;mobile_width&quot;:&quot;480&quot;}'><\/div><div data-id=\"mpc_icon_column-5969f0a0d51bec7\" class=\"mpc-icon-column mpc-init mpc-parent-hover mpc-transition mpc-icon-column--style_1 mpc-align--left \" ><div class=\"mpc-icon-column__content-wrap\"><div class=\"mpc-icon-column__content\"><h3 class=\"mpc-icon-column__heading mpc-transition\">Becas Disponibles<\/h3><div class=\"mpc-icon-column__description mpc-transition\"><p>Es nuestro inter\u00e9s reconocer a los estudiantes y deportistas ejemplares. Obtenga mas informaci\u00f3n sobre las becas disponibles en este momento<\/p>\n<\/div><\/div><\/div><\/div><div id=\"lvca-spacer-69f0a0d51f790\" class=\"lvca-spacer\" data-settings='{&quot;desktop_spacing&quot;:&quot;20&quot;,&quot;tablet_spacing&quot;:&quot;20&quot;,&quot;tablet_width&quot;:&quot;960&quot;,&quot;mobile_spacing&quot;:&quot;20&quot;,&quot;mobile_width&quot;:&quot;480&quot;}'><\/div><a href=\"\/contact-us\/\" target=\"\" title=\"\"  data-id=\"mpc_button-8369f0a0d51f8a6\" class=\"mpc-button mpc-init mpc-transition \" ><div class=\"mpc-button__content mpc-effect-type--none mpc-effect-side--none\"><span class=\"mpc-button__title mpc-transition\">M\u00e1s informaci\u00f3n<\/span><\/div><div class=\"mpc-button__background mpc-transition mpc-effect-type--fade mpc-effect-side--in\"><\/div><\/a><div id=\"lvca-spacer-69f0a0d51f940\" class=\"lvca-spacer\" data-settings='{&quot;desktop_spacing&quot;:&quot;30&quot;,&quot;tablet_spacing&quot;:&quot;20&quot;,&quot;tablet_width&quot;:&quot;960&quot;,&quot;mobile_spacing&quot;:&quot;20&quot;,&quot;mobile_width&quot;:&quot;480&quot;}'><\/div>[\/vc_column_inner][\/vc_row_inner][\/vc_column][\/vc_row]<\/p>\n","protected":false},"excerpt":{"rendered":"<p>[vc_row full_width=\u00bbstretch_row_content\u00bb content_placement=\u00bbmiddle\u00bb animation_in_type=\u00bbtransition.fadeIn\u00bb animation_in_offset=\u00bb80&#8243; animation_in_duration=\u00bb800&#8243; animation_in_delay=\u00bb0&#8243;][vc_column parallax=\u00bbcontent-moving-fade\u00bb css=\u00bb.vc_custom_1527124668123{padding-top: 0px !important;padding-bottom: 0px !important;}\u00bb][\/vc_column][\/vc_row][vc_row full_width=\u00bbstretch_row\u00bb gap=\u00bb30&#8243; content_placement=\u00bbmiddle\u00bb css_animation=\u00bbnone\u00bb first_background_type=\u00bbgradient\u00bb first_background_gradient=\u00bb#33cccc||#609fe0||0;100||135||linear\u00bb css=\u00bb.vc_custom_1565299201754{padding-top: 10px !important;padding-bottom: 70px !important;}\u00bb el_class=\u00bbbgpositiontopcenter\u00bb][vc_column parallax=\u00bbcontent-moving\u00bb css_animation=\u00bbnone\u00bb width=\u00bb7\/12&#8243; animation_in_type=\u00bbtransition.fadeIn\u00bb animation_in_offset=\u00bb75&#8243; animation_in_duration=\u00bb1500&#8243; animation_in_delay=\u00bb0&#8243;][vc_column_text] Admisiones y Pago [\/vc_column_text][vc_single_image image=\u00bb1034&#8243; img_size=\u00bbfull\u00bb css=\u00bb.vc_custom_1565092562416{margin-bottom: 0px !important;}\u00bb][vc_column_text]A partir del primer grado en los est\u00e1ndares de educaci\u00f3n de EE. UU., sus hijos<\/p>\n","protected":false},"author":38,"featured_media":0,"parent":0,"menu_order":0,"comment_status":"closed","ping_status":"closed","template":"","meta":{"_joinchat":[],"footnotes":""},"yoast_head":"<!-- This site is optimized with the Yoast SEO plugin v20.1 - https:\/\/yoast.com\/wordpress\/plugins\/seo\/ -->\n<title>Admisiones y Pago - Miami Virtual School<\/title>\n<meta name=\"robots\" content=\"index, follow, max-snippet:-1, max-image-preview:large, max-video-preview:-1\" \/>\n<link rel=\"canonical\" href=\"https:\/\/www.miamivirtualschool.us\/es\/admissions-payment\/\" \/>\n<meta property=\"og:locale\" content=\"es_ES\" \/>\n<meta property=\"og:type\" content=\"article\" \/>\n<meta property=\"og:title\" content=\"Admisiones y Pago - Miami Virtual School\" \/>\n<meta property=\"og:description\" content=\"[vc_row full_width=\u00bbstretch_row_content\u00bb content_placement=\u00bbmiddle\u00bb animation_in_type=\u00bbtransition.fadeIn\u00bb animation_in_offset=\u00bb80&#8243; animation_in_duration=\u00bb800&#8243; animation_in_delay=\u00bb0&#8243;][vc_column parallax=\u00bbcontent-moving-fade\u00bb css=\u00bb.vc_custom_1527124668123{padding-top: 0px !important;padding-bottom: 0px !important;}\u00bb][\/vc_column][\/vc_row][vc_row full_width=\u00bbstretch_row\u00bb gap=\u00bb30&#8243; content_placement=\u00bbmiddle\u00bb css_animation=\u00bbnone\u00bb first_background_type=\u00bbgradient\u00bb first_background_gradient=\u00bb#33cccc||#609fe0||0;100||135||linear\u00bb css=\u00bb.vc_custom_1565299201754{padding-top: 10px !important;padding-bottom: 70px !important;}\u00bb el_class=\u00bbbgpositiontopcenter\u00bb][vc_column parallax=\u00bbcontent-moving\u00bb css_animation=\u00bbnone\u00bb width=\u00bb7\/12&#8243; animation_in_type=\u00bbtransition.fadeIn\u00bb animation_in_offset=\u00bb75&#8243; animation_in_duration=\u00bb1500&#8243; animation_in_delay=\u00bb0&#8243;][vc_column_text] Admisiones y Pago [\/vc_column_text][vc_single_image image=\u00bb1034&#8243; img_size=\u00bbfull\u00bb css=\u00bb.vc_custom_1565092562416{margin-bottom: 0px !important;}\u00bb][vc_column_text]A partir del primer grado en los est\u00e1ndares de educaci\u00f3n de EE. UU., sus hijos\" \/>\n<meta property=\"og:url\" content=\"https:\/\/www.miamivirtualschool.us\/es\/admissions-payment\/\" \/>\n<meta property=\"og:site_name\" content=\"Miami Virtual School\" \/>\n<meta property=\"article:modified_time\" content=\"2019-09-04T12:19:16+00:00\" \/>\n<meta name=\"twitter:card\" content=\"summary_large_image\" \/>\n<meta name=\"twitter:label1\" content=\"Tiempo de lectura\" \/>\n\t<meta name=\"twitter:data1\" content=\"4 minutos\" \/>\n<script type=\"application\/ld+json\" class=\"yoast-schema-graph\">{\"@context\":\"https:\/\/schema.org\",\"@graph\":[{\"@type\":\"WebPage\",\"@id\":\"https:\/\/www.miamivirtualschool.us\/es\/admissions-payment\/\",\"url\":\"https:\/\/www.miamivirtualschool.us\/es\/admissions-payment\/\",\"name\":\"Admisiones y Pago - Miami Virtual School\",\"isPartOf\":{\"@id\":\"https:\/\/www.miamivirtualschool.us\/es\/#website\"},\"datePublished\":\"2019-08-08T21:16:16+00:00\",\"dateModified\":\"2019-09-04T12:19:16+00:00\",\"breadcrumb\":{\"@id\":\"https:\/\/www.miamivirtualschool.us\/es\/admissions-payment\/#breadcrumb\"},\"inLanguage\":\"es\",\"potentialAction\":[{\"@type\":\"ReadAction\",\"target\":[\"https:\/\/www.miamivirtualschool.us\/es\/admissions-payment\/\"]}]},{\"@type\":\"BreadcrumbList\",\"@id\":\"https:\/\/www.miamivirtualschool.us\/es\/admissions-payment\/#breadcrumb\",\"itemListElement\":[{\"@type\":\"ListItem\",\"position\":1,\"name\":\"Home\",\"item\":\"https:\/\/www.miamivirtualschool.us\/es\/\"},{\"@type\":\"ListItem\",\"position\":2,\"name\":\"Admisiones y Pago\"}]},{\"@type\":\"WebSite\",\"@id\":\"https:\/\/www.miamivirtualschool.us\/es\/#website\",\"url\":\"https:\/\/www.miamivirtualschool.us\/es\/\",\"name\":\"Miami Virtual School\",\"description\":\"\",\"potentialAction\":[{\"@type\":\"SearchAction\",\"target\":{\"@type\":\"EntryPoint\",\"urlTemplate\":\"https:\/\/www.miamivirtualschool.us\/es\/?s={search_term_string}\"},\"query-input\":\"required name=search_term_string\"}],\"inLanguage\":\"es\"}]}<\/script>\n<!-- \/ Yoast SEO plugin. -->","yoast_head_json":{"title":"Admisiones y Pago - Miami Virtual School","robots":{"index":"index","follow":"follow","max-snippet":"max-snippet:-1","max-image-preview":"max-image-preview:large","max-video-preview":"max-video-preview:-1"},"canonical":"https:\/\/www.miamivirtualschool.us\/es\/admissions-payment\/","og_locale":"es_ES","og_type":"article","og_title":"Admisiones y Pago - Miami Virtual School","og_description":"[vc_row full_width=\u00bbstretch_row_content\u00bb content_placement=\u00bbmiddle\u00bb animation_in_type=\u00bbtransition.fadeIn\u00bb animation_in_offset=\u00bb80&#8243; animation_in_duration=\u00bb800&#8243; animation_in_delay=\u00bb0&#8243;][vc_column parallax=\u00bbcontent-moving-fade\u00bb css=\u00bb.vc_custom_1527124668123{padding-top: 0px !important;padding-bottom: 0px !important;}\u00bb][\/vc_column][\/vc_row][vc_row full_width=\u00bbstretch_row\u00bb gap=\u00bb30&#8243; content_placement=\u00bbmiddle\u00bb css_animation=\u00bbnone\u00bb first_background_type=\u00bbgradient\u00bb first_background_gradient=\u00bb#33cccc||#609fe0||0;100||135||linear\u00bb css=\u00bb.vc_custom_1565299201754{padding-top: 10px !important;padding-bottom: 70px !important;}\u00bb el_class=\u00bbbgpositiontopcenter\u00bb][vc_column parallax=\u00bbcontent-moving\u00bb css_animation=\u00bbnone\u00bb width=\u00bb7\/12&#8243; animation_in_type=\u00bbtransition.fadeIn\u00bb animation_in_offset=\u00bb75&#8243; animation_in_duration=\u00bb1500&#8243; animation_in_delay=\u00bb0&#8243;][vc_column_text] Admisiones y Pago [\/vc_column_text][vc_single_image image=\u00bb1034&#8243; img_size=\u00bbfull\u00bb css=\u00bb.vc_custom_1565092562416{margin-bottom: 0px !important;}\u00bb][vc_column_text]A partir del primer grado en los est\u00e1ndares de educaci\u00f3n de EE. UU., sus hijos","og_url":"https:\/\/www.miamivirtualschool.us\/es\/admissions-payment\/","og_site_name":"Miami Virtual School","article_modified_time":"2019-09-04T12:19:16+00:00","twitter_card":"summary_large_image","twitter_misc":{"Tiempo de lectura":"4 minutos"},"schema":{"@context":"https:\/\/schema.org","@graph":[{"@type":"WebPage","@id":"https:\/\/www.miamivirtualschool.us\/es\/admissions-payment\/","url":"https:\/\/www.miamivirtualschool.us\/es\/admissions-payment\/","name":"Admisiones y Pago - Miami Virtual School","isPartOf":{"@id":"https:\/\/www.miamivirtualschool.us\/es\/#website"},"datePublished":"2019-08-08T21:16:16+00:00","dateModified":"2019-09-04T12:19:16+00:00","breadcrumb":{"@id":"https:\/\/www.miamivirtualschool.us\/es\/admissions-payment\/#breadcrumb"},"inLanguage":"es","potentialAction":[{"@type":"ReadAction","target":["https:\/\/www.miamivirtualschool.us\/es\/admissions-payment\/"]}]},{"@type":"BreadcrumbList","@id":"https:\/\/www.miamivirtualschool.us\/es\/admissions-payment\/#breadcrumb","itemListElement":[{"@type":"ListItem","position":1,"name":"Home","item":"https:\/\/www.miamivirtualschool.us\/es\/"},{"@type":"ListItem","position":2,"name":"Admisiones y Pago"}]},{"@type":"WebSite","@id":"https:\/\/www.miamivirtualschool.us\/es\/#website","url":"https:\/\/www.miamivirtualschool.us\/es\/","name":"Miami Virtual School","description":"","potentialAction":[{"@type":"SearchAction","target":{"@type":"EntryPoint","urlTemplate":"https:\/\/www.miamivirtualschool.us\/es\/?s={search_term_string}"},"query-input":"required name=search_term_string"}],"inLanguage":"es"}]}},"_links":{"self":[{"href":"https:\/\/www.miamivirtualschool.us\/es\/wp-json\/wp\/v2\/pages\/1053"}],"collection":[{"href":"https:\/\/www.miamivirtualschool.us\/es\/wp-json\/wp\/v2\/pages"}],"about":[{"href":"https:\/\/www.miamivirtualschool.us\/es\/wp-json\/wp\/v2\/types\/page"}],"author":[{"embeddable":true,"href":"https:\/\/www.miamivirtualschool.us\/es\/wp-json\/wp\/v2\/users\/38"}],"replies":[{"embeddable":true,"href":"https:\/\/www.miamivirtualschool.us\/es\/wp-json\/wp\/v2\/comments?post=1053"}],"version-history":[{"count":0,"href":"https:\/\/www.miamivirtualschool.us\/es\/wp-json\/wp\/v2\/pages\/1053\/revisions"}],"wp:attachment":[{"href":"https:\/\/www.miamivirtualschool.us\/es\/wp-json\/wp\/v2\/media?parent=1053"}],"curies":[{"name":"wp","href":"https:\/\/api.w.org\/{rel}","templated":true}]}}