{"id":723,"date":"2018-01-28T21:41:34","date_gmt":"2018-01-29T01:41:34","guid":{"rendered":"http:\/\/vamosvacation.com\/?page_id=723"},"modified":"2019-09-04T08:19:16","modified_gmt":"2019-09-04T12:19:16","slug":"about-us","status":"publish","type":"page","link":"https:\/\/www.miamivirtualschool.us\/es\/about-us\/","title":{"rendered":"Sobre Nosotros"},"content":{"rendered":"<p>[vc_row full_width=\u00bbstretch_row_content\u00bb content_placement=\u00bbmiddle\u00bb animation_in_type=\u00bbtransition.fadeIn\u00bb animation_in_offset=\u00bb80&#8243; animation_in_duration=\u00bb800&#8243; animation_in_delay=\u00bb0&#8243;][vc_column parallax=\u00bbcontent-moving-fade\u00bb css=\u00bb.vc_custom_1527124668123{padding-top: 0px !important;padding-bottom: 0px !important;}\u00bb]\n<div id=\"rev_slider_3_1_wrapper\" class=\"rev_slider_wrapper fullwidthbanner-container\" data-source=\"gallery\" style=\"margin:0px auto;background:#ffffff;padding:0px;margin-top:0px;margin-bottom:0px;\">\n<!-- START REVOLUTION SLIDER 5.4.5.2 fullwidth mode -->\n\t<div id=\"rev_slider_3_1\" class=\"rev_slider fullwidthabanner\" style=\"display:none;\" data-version=\"5.4.5.2\">\n<ul>\t<!-- SLIDE  -->\n\t<li data-index=\"rs-3\" data-transition=\"slidingoverlayhorizontal\" data-slotamount=\"default\" data-hideafterloop=\"0\" data-hideslideonmobile=\"off\"  data-easein=\"default\" data-easeout=\"default\" data-masterspeed=\"1500\"  data-delay=\"5490\"  data-rotate=\"0\"  data-saveperformance=\"off\"  data-title=\"First\" data-param1=\"\" data-param2=\"\" data-param3=\"\" data-param4=\"\" data-param5=\"\" data-param6=\"\" data-param7=\"\" data-param8=\"\" data-param9=\"\" data-param10=\"\" data-description=\"\">\n\t\t<!-- MAIN IMAGE -->\n\t\t<img loading=\"lazy\" decoding=\"async\" src=\"https:\/\/www.miamivirtualschool.us\/es\/wp-content\/uploads\/2019\/08\/bg-banner-1.jpg\"  alt=\"\" title=\"bg-banner-1\"  width=\"1663\" height=\"674\" data-bgposition=\"center top\" data-bgfit=\"cover\" data-bgrepeat=\"no-repeat\" data-bgparallax=\"8\" class=\"rev-slidebg\" data-no-retina>\n\t\t<!-- LAYERS -->\n\t<\/li>\n<\/ul>\n<div class=\"tp-bannertimer tp-bottom\" style=\"visibility: hidden !important;\"><\/div>\t<\/div>\n<script>var htmlDiv = document.getElementById(\"rs-plugin-settings-inline-css\"); var htmlDivCss=\"\";\r\r\n\t\t\t\tif(htmlDiv) {\r\r\n\t\t\t\t\thtmlDiv.innerHTML = htmlDiv.innerHTML + htmlDivCss;\r\r\n\t\t\t\t}else{\r\r\n\t\t\t\t\tvar htmlDiv = document.createElement(\"div\");\r\r\n\t\t\t\t\thtmlDiv.innerHTML = \"<style>\" + htmlDivCss + \"<\/style>\";\r\r\n\t\t\t\t\tdocument.getElementsByTagName(\"head\")[0].appendChild(htmlDiv.childNodes[0]);\r\r\n\t\t\t\t}\r\r\n\t\t\t<\/script>\n\r\n\t\t<script type=\"text\/javascript\">\r\r\n\r\nsetREVStartSize({c: jQuery('#rev_slider_3_1'), gridwidth: [1240], gridheight: [370], sliderLayout: 'fullwidth'});\r\r\n\t\t\t\r\r\n\r\nvar revapi3,\r\r\n\ttpj=jQuery;\r\r\n\t\t\t\r\r\ntpj(document).ready(function() {\n\tif(tpj(\"#rev_slider_3_1\").revolution == undefined){\n\t\trevslider_showDoubleJqueryError(\"#rev_slider_3_1\");\n\t}else{\n\t\trevapi3 = tpj(\"#rev_slider_3_1\").show().revolution({\n\t\t\tsliderType:\"standard\",\n\t\t\tjsFileLocation:\"\/\/www.miamivirtualschool.us\/es\/wp-content\/plugins\/revslider\/public\/assets\/js\/\",\n\t\t\tsliderLayout:\"fullwidth\",\n\t\t\tdottedOverlay:\"none\",\n\t\t\tdelay:9000,\n\t\t\tnavigation: {\n\t\t\t\tkeyboardNavigation:\"off\",\n\t\t\t\tkeyboard_direction: \"horizontal\",\n\t\t\t\tmouseScrollNavigation:\"off\",\n \t\t\t\t\t\t\tmouseScrollReverse:\"default\",\n\t\t\t\tonHoverStop:\"off\",\n\t\t\t\ttouch:{\n\t\t\t\t\ttouchenabled:\"on\",\n\t\t\t\t\ttouchOnDesktop:\"on\",\n\t\t\t\t\tswipe_threshold: 75,\n\t\t\t\t\tswipe_min_touches: 1,\n\t\t\t\t\tswipe_direction: \"horizontal\",\n\t\t\t\t\tdrag_block_vertical: false\n\t\t\t\t}\n\t\t\t},\n\t\t\tvisibilityLevels:[1240,1024,778,480],\n\t\t\tgridwidth:1240,\n\t\t\tgridheight:370,\n\t\t\tlazyType:\"none\",\n\t\t\tparallax: {\n\t\t\t\ttype:\"mouse\",\n\t\t\t\torigo:\"enterpoint\",\n\t\t\t\tspeed:400,\n\t\t\t\tspeedbg:0,\n\t\t\t\tspeedls:0,\n\t\t\t\tlevels:[5,10,15,20,25,30,35,40,45,46,47,48,49,50,51,55],\n\t\t\t},\n\t\t\tshadow:0,\n\t\t\tspinner:\"off\",\n\t\t\tstopLoop:\"off\",\n\t\t\tstopAfterLoops:-1,\n\t\t\tstopAtSlide:-1,\n\t\t\tshuffle:\"off\",\n\t\t\tautoHeight:\"off\",\n\t\t\tdisableProgressBar:\"on\",\n\t\t\thideThumbsOnMobile:\"off\",\n\t\t\thideSliderAtLimit:0,\n\t\t\thideCaptionAtLimit:0,\n\t\t\thideAllCaptionAtLilmit:0,\n\t\t\tdebugMode:false,\n\t\t\tfallbacks: {\n\t\t\t\tsimplifyAll:\"off\",\n\t\t\t\tnextSlideOnWindowFocus:\"off\",\n\t\t\t\tdisableFocusListener:false,\n\t\t\t}\n\t\t});\n\t}\n\t\n});\t\/*ready*\/\n\r\n<\/script>\r\r\n\t\t<\/div><!-- END REVOLUTION SLIDER -->[\/vc_column][\/vc_row][vc_row full_width=\u00bbstretch_row\u00bb content_placement=\u00bbmiddle\u00bb css_animation=\u00bbnone\u00bb first_background_type=\u00bbgradient\u00bb first_background_gradient=\u00bb#33cccc||#609fe0||0;100||135||linear\u00bb css=\u00bb.vc_custom_1533218204625{padding-top: 35px !important;padding-bottom: 14% !important;background-position: center !important;background-repeat: no-repeat !important;background-size: contain !important;}\u00bb el_class=\u00bbbgpositionbottomcenter\u00bb][vc_column parallax=\u00bbcontent-moving\u00bb css_animation=\u00bbnone\u00bb animation_in_type=\u00bbtransition.fadeIn\u00bb animation_in_offset=\u00bb75&#8243; animation_in_duration=\u00bb1500&#8243; animation_in_delay=\u00bb0&#8243;]<div id=\"lvca-spacer-69f0a0d6eb80d\" class=\"lvca-spacer\" data-settings='{&quot;desktop_spacing&quot;:&quot;30&quot;,&quot;tablet_spacing&quot;:&quot;30&quot;,&quot;tablet_width&quot;:&quot;960&quot;,&quot;mobile_spacing&quot;:&quot;20&quot;,&quot;mobile_width&quot;:&quot;480&quot;}'><\/div>[vc_column_text]<\/p>\n<h1 style=\"text-align: center;\"><span style=\"color: #013d73;\"><span style=\"font-weight: 300;\">Sobre<\/span>\u00a0Nosotros<\/span><\/h1>\n<p>[\/vc_column_text]<div id=\"lvca-spacer-69f0a0d6eb841\" class=\"lvca-spacer\" data-settings='{&quot;desktop_spacing&quot;:&quot;15&quot;,&quot;tablet_spacing&quot;:&quot;15&quot;,&quot;tablet_width&quot;:&quot;960&quot;,&quot;mobile_spacing&quot;:&quot;15&quot;,&quot;mobile_width&quot;:&quot;480&quot;}'><\/div>[vc_single_image image=\u00bb1034&#8243; img_size=\u00bbfull\u00bb alignment=\u00bbcenter\u00bb css=\u00bb.vc_custom_1565297142777{margin-bottom: 0px !important;}\u00bb]<div id=\"lvca-spacer-69f0a0d6eb857\" class=\"lvca-spacer\" data-settings='{&quot;desktop_spacing&quot;:&quot;10&quot;,&quot;tablet_spacing&quot;:&quot;10&quot;,&quot;tablet_width&quot;:&quot;960&quot;,&quot;mobile_spacing&quot;:&quot;10&quot;,&quot;mobile_width&quot;:&quot;480&quot;}'><\/div>[vc_column_text]Miami Virtual School contribuye al desarrollo de las Am\u00e9ricas mediante el uso de tecnolog\u00eda de la informaci\u00f3n, telem\u00e1tica y tecnolog\u00edas de punta como una herramienta para la construcci\u00f3n de la paz, el desarrollo econ\u00f3mico, la equidad social y la democracia.[\/vc_column_text]<div id=\"lvca-spacer-69f0a0d6eb86b\" class=\"lvca-spacer\" data-settings='{&quot;desktop_spacing&quot;:&quot;30&quot;,&quot;tablet_spacing&quot;:&quot;30&quot;,&quot;tablet_width&quot;:&quot;960&quot;,&quot;mobile_spacing&quot;:&quot;30&quot;,&quot;mobile_width&quot;:&quot;480&quot;}'><\/div>[vc_row_inner][vc_column_inner width=\u00bb1\/2&#8243;][vc_column_text]<\/p>\n<h4><strong>Nuestra visi\u00f3n<\/strong><\/h4>\n<p>Miami Virtual School siempre se preocupa por el impacto que la ciencia y la tecnolog\u00eda tienen en nuestra sociedad. Nos enfocamos en criar ni\u00f1os con una visi\u00f3n clara para el futuro, dispuestos a participar en la construcci\u00f3n del mejor futuro para el pa\u00eds y las personas que viven en \u00e9l. Su experiencia en IT, inform\u00e1tica y computadoras son herramientas para una vida pac\u00edfica y segura, desarrollo econ\u00f3mico, democracia y estabilidad social.<\/p>\n<h4><strong>Nuestra misi\u00f3n<\/strong><\/h4>\n<p>La misi\u00f3n de la escuela es guiar a los estudiantes a trav\u00e9s del plan de estudios y el proceso de aprendizaje mediante el uso de tecnolog\u00edas inform\u00e1ticas. El plan de estudios de la Escuela Virtual de Miami se compone de las materias b\u00e1sicas que cada estudiante debe manejar para ser elegible para el t\u00edtulo de Bachiller. El ritmo de estudio de cada asignatura es gestionado por profesores especializados en cada \u00e1rea. El programa est\u00e1 orientado para que los estudiantes desarrollen habilidades de investigaci\u00f3n individual y conocimiento de los conceptos b\u00e1sicos, especialmente \u00e9ticos y sociales que todos los estudiantes deben tener.[\/vc_column_text][\/vc_column_inner][vc_column_inner width=\u00bb1\/2&#8243;][vc_column_text]<\/p>\n<h4><strong>Nuestra Filosof\u00eda<\/strong><\/h4>\n<p>La filosof\u00eda de Miami Virtual School se basa en una s\u00f3lida base de experiencia pr\u00e1ctica y conceptos pedag\u00f3gicos destinados a criar a hombres y mujeres con respeto y apreciaci\u00f3n de las personas intelectualmente competentes, \u00e9ticamente estructuradas con habilidades y destrezas. Nuestros alumnos deben ser honestos, sensibles, disciplinados, responsables, capaces de gestionar y transformar las tecnolog\u00edas inform\u00e1ticas f\u00e1cilmente. Deben ser conscientes de su propia identidad cultural y ayudar a que estos aspectos crezcan en otros estudiantes fortaleciendo su unidad y respeto familiar, sentido de creaci\u00f3n e invenci\u00f3n. Todo a trav\u00e9s de un proyecto educativo s\u00f3lido con \u00e9nfasis en valores, idiomas extranjeros, computadoras y tecnolog\u00edas de la informaci\u00f3n que satisfar\u00e1n sus necesidades humanas y contribuir\u00e1n a la mejora y el desarrollo de todos los seres humanos.[\/vc_column_text][\/vc_column_inner][\/vc_row_inner][\/vc_column][\/vc_row]<\/p>\n","protected":false},"excerpt":{"rendered":"<p>[vc_row full_width=\u00bbstretch_row_content\u00bb content_placement=\u00bbmiddle\u00bb animation_in_type=\u00bbtransition.fadeIn\u00bb animation_in_offset=\u00bb80&#8243; animation_in_duration=\u00bb800&#8243; animation_in_delay=\u00bb0&#8243;][vc_column parallax=\u00bbcontent-moving-fade\u00bb css=\u00bb.vc_custom_1527124668123{padding-top: 0px !important;padding-bottom: 0px !important;}\u00bb][\/vc_column][\/vc_row][vc_row full_width=\u00bbstretch_row\u00bb content_placement=\u00bbmiddle\u00bb css_animation=\u00bbnone\u00bb first_background_type=\u00bbgradient\u00bb first_background_gradient=\u00bb#33cccc||#609fe0||0;100||135||linear\u00bb css=\u00bb.vc_custom_1533218204625{padding-top: 35px !important;padding-bottom: 14% !important;background-position: center !important;background-repeat: no-repeat !important;background-size: contain !important;}\u00bb el_class=\u00bbbgpositionbottomcenter\u00bb][vc_column parallax=\u00bbcontent-moving\u00bb css_animation=\u00bbnone\u00bb animation_in_type=\u00bbtransition.fadeIn\u00bb animation_in_offset=\u00bb75&#8243; animation_in_duration=\u00bb1500&#8243; animation_in_delay=\u00bb0&#8243;][vc_column_text] Sobre\u00a0Nosotros [\/vc_column_text][vc_single_image image=\u00bb1034&#8243; img_size=\u00bbfull\u00bb alignment=\u00bbcenter\u00bb css=\u00bb.vc_custom_1565297142777{margin-bottom: 0px !important;}\u00bb][vc_column_text]Miami Virtual School contribuye al desarrollo de las Am\u00e9ricas mediante el uso<\/p>\n","protected":false},"author":38,"featured_media":0,"parent":0,"menu_order":5,"comment_status":"closed","ping_status":"closed","template":"","meta":{"_joinchat":[],"footnotes":""},"yoast_head":"<!-- This site is optimized with the Yoast SEO plugin v20.1 - https:\/\/yoast.com\/wordpress\/plugins\/seo\/ -->\n<title>Sobre Nosotros - Miami Virtual School<\/title>\n<meta name=\"robots\" content=\"index, follow, max-snippet:-1, max-image-preview:large, max-video-preview:-1\" \/>\n<link rel=\"canonical\" href=\"https:\/\/www.miamivirtualschool.us\/es\/about-us\/\" \/>\n<meta property=\"og:locale\" content=\"es_ES\" \/>\n<meta property=\"og:type\" content=\"article\" \/>\n<meta property=\"og:title\" content=\"Sobre Nosotros - Miami Virtual School\" \/>\n<meta property=\"og:description\" content=\"[vc_row full_width=\u00bbstretch_row_content\u00bb content_placement=\u00bbmiddle\u00bb animation_in_type=\u00bbtransition.fadeIn\u00bb animation_in_offset=\u00bb80&#8243; animation_in_duration=\u00bb800&#8243; animation_in_delay=\u00bb0&#8243;][vc_column parallax=\u00bbcontent-moving-fade\u00bb css=\u00bb.vc_custom_1527124668123{padding-top: 0px !important;padding-bottom: 0px !important;}\u00bb][\/vc_column][\/vc_row][vc_row full_width=\u00bbstretch_row\u00bb content_placement=\u00bbmiddle\u00bb css_animation=\u00bbnone\u00bb first_background_type=\u00bbgradient\u00bb first_background_gradient=\u00bb#33cccc||#609fe0||0;100||135||linear\u00bb css=\u00bb.vc_custom_1533218204625{padding-top: 35px !important;padding-bottom: 14% !important;background-position: center !important;background-repeat: no-repeat !important;background-size: contain !important;}\u00bb el_class=\u00bbbgpositionbottomcenter\u00bb][vc_column parallax=\u00bbcontent-moving\u00bb css_animation=\u00bbnone\u00bb animation_in_type=\u00bbtransition.fadeIn\u00bb animation_in_offset=\u00bb75&#8243; animation_in_duration=\u00bb1500&#8243; animation_in_delay=\u00bb0&#8243;][vc_column_text] Sobre\u00a0Nosotros [\/vc_column_text][vc_single_image image=\u00bb1034&#8243; img_size=\u00bbfull\u00bb alignment=\u00bbcenter\u00bb css=\u00bb.vc_custom_1565297142777{margin-bottom: 0px !important;}\u00bb][vc_column_text]Miami Virtual School contribuye al desarrollo de las Am\u00e9ricas mediante el uso\" \/>\n<meta property=\"og:url\" content=\"https:\/\/www.miamivirtualschool.us\/es\/about-us\/\" \/>\n<meta property=\"og:site_name\" content=\"Miami Virtual School\" \/>\n<meta property=\"article:modified_time\" content=\"2019-09-04T12:19:16+00:00\" \/>\n<meta name=\"twitter:card\" content=\"summary_large_image\" \/>\n<meta name=\"twitter:label1\" content=\"Tiempo de lectura\" \/>\n\t<meta name=\"twitter:data1\" content=\"3 minutos\" \/>\n<script type=\"application\/ld+json\" class=\"yoast-schema-graph\">{\"@context\":\"https:\/\/schema.org\",\"@graph\":[{\"@type\":\"WebPage\",\"@id\":\"https:\/\/www.miamivirtualschool.us\/es\/about-us\/\",\"url\":\"https:\/\/www.miamivirtualschool.us\/es\/about-us\/\",\"name\":\"Sobre Nosotros - Miami Virtual School\",\"isPartOf\":{\"@id\":\"https:\/\/www.miamivirtualschool.us\/es\/#website\"},\"datePublished\":\"2018-01-29T01:41:34+00:00\",\"dateModified\":\"2019-09-04T12:19:16+00:00\",\"breadcrumb\":{\"@id\":\"https:\/\/www.miamivirtualschool.us\/es\/about-us\/#breadcrumb\"},\"inLanguage\":\"es\",\"potentialAction\":[{\"@type\":\"ReadAction\",\"target\":[\"https:\/\/www.miamivirtualschool.us\/es\/about-us\/\"]}]},{\"@type\":\"BreadcrumbList\",\"@id\":\"https:\/\/www.miamivirtualschool.us\/es\/about-us\/#breadcrumb\",\"itemListElement\":[{\"@type\":\"ListItem\",\"position\":1,\"name\":\"Home\",\"item\":\"https:\/\/www.miamivirtualschool.us\/es\/\"},{\"@type\":\"ListItem\",\"position\":2,\"name\":\"Sobre Nosotros\"}]},{\"@type\":\"WebSite\",\"@id\":\"https:\/\/www.miamivirtualschool.us\/es\/#website\",\"url\":\"https:\/\/www.miamivirtualschool.us\/es\/\",\"name\":\"Miami Virtual School\",\"description\":\"\",\"potentialAction\":[{\"@type\":\"SearchAction\",\"target\":{\"@type\":\"EntryPoint\",\"urlTemplate\":\"https:\/\/www.miamivirtualschool.us\/es\/?s={search_term_string}\"},\"query-input\":\"required name=search_term_string\"}],\"inLanguage\":\"es\"}]}<\/script>\n<!-- \/ Yoast SEO plugin. -->","yoast_head_json":{"title":"Sobre Nosotros - Miami Virtual School","robots":{"index":"index","follow":"follow","max-snippet":"max-snippet:-1","max-image-preview":"max-image-preview:large","max-video-preview":"max-video-preview:-1"},"canonical":"https:\/\/www.miamivirtualschool.us\/es\/about-us\/","og_locale":"es_ES","og_type":"article","og_title":"Sobre Nosotros - Miami Virtual School","og_description":"[vc_row full_width=\u00bbstretch_row_content\u00bb content_placement=\u00bbmiddle\u00bb animation_in_type=\u00bbtransition.fadeIn\u00bb animation_in_offset=\u00bb80&#8243; animation_in_duration=\u00bb800&#8243; animation_in_delay=\u00bb0&#8243;][vc_column parallax=\u00bbcontent-moving-fade\u00bb css=\u00bb.vc_custom_1527124668123{padding-top: 0px !important;padding-bottom: 0px !important;}\u00bb][\/vc_column][\/vc_row][vc_row full_width=\u00bbstretch_row\u00bb content_placement=\u00bbmiddle\u00bb css_animation=\u00bbnone\u00bb first_background_type=\u00bbgradient\u00bb first_background_gradient=\u00bb#33cccc||#609fe0||0;100||135||linear\u00bb css=\u00bb.vc_custom_1533218204625{padding-top: 35px !important;padding-bottom: 14% !important;background-position: center !important;background-repeat: no-repeat !important;background-size: contain !important;}\u00bb el_class=\u00bbbgpositionbottomcenter\u00bb][vc_column parallax=\u00bbcontent-moving\u00bb css_animation=\u00bbnone\u00bb animation_in_type=\u00bbtransition.fadeIn\u00bb animation_in_offset=\u00bb75&#8243; animation_in_duration=\u00bb1500&#8243; animation_in_delay=\u00bb0&#8243;][vc_column_text] Sobre\u00a0Nosotros [\/vc_column_text][vc_single_image image=\u00bb1034&#8243; img_size=\u00bbfull\u00bb alignment=\u00bbcenter\u00bb css=\u00bb.vc_custom_1565297142777{margin-bottom: 0px !important;}\u00bb][vc_column_text]Miami Virtual School contribuye al desarrollo de las Am\u00e9ricas mediante el uso","og_url":"https:\/\/www.miamivirtualschool.us\/es\/about-us\/","og_site_name":"Miami Virtual School","article_modified_time":"2019-09-04T12:19:16+00:00","twitter_card":"summary_large_image","twitter_misc":{"Tiempo de lectura":"3 minutos"},"schema":{"@context":"https:\/\/schema.org","@graph":[{"@type":"WebPage","@id":"https:\/\/www.miamivirtualschool.us\/es\/about-us\/","url":"https:\/\/www.miamivirtualschool.us\/es\/about-us\/","name":"Sobre Nosotros - Miami Virtual School","isPartOf":{"@id":"https:\/\/www.miamivirtualschool.us\/es\/#website"},"datePublished":"2018-01-29T01:41:34+00:00","dateModified":"2019-09-04T12:19:16+00:00","breadcrumb":{"@id":"https:\/\/www.miamivirtualschool.us\/es\/about-us\/#breadcrumb"},"inLanguage":"es","potentialAction":[{"@type":"ReadAction","target":["https:\/\/www.miamivirtualschool.us\/es\/about-us\/"]}]},{"@type":"BreadcrumbList","@id":"https:\/\/www.miamivirtualschool.us\/es\/about-us\/#breadcrumb","itemListElement":[{"@type":"ListItem","position":1,"name":"Home","item":"https:\/\/www.miamivirtualschool.us\/es\/"},{"@type":"ListItem","position":2,"name":"Sobre Nosotros"}]},{"@type":"WebSite","@id":"https:\/\/www.miamivirtualschool.us\/es\/#website","url":"https:\/\/www.miamivirtualschool.us\/es\/","name":"Miami Virtual School","description":"","potentialAction":[{"@type":"SearchAction","target":{"@type":"EntryPoint","urlTemplate":"https:\/\/www.miamivirtualschool.us\/es\/?s={search_term_string}"},"query-input":"required name=search_term_string"}],"inLanguage":"es"}]}},"_links":{"self":[{"href":"https:\/\/www.miamivirtualschool.us\/es\/wp-json\/wp\/v2\/pages\/723"}],"collection":[{"href":"https:\/\/www.miamivirtualschool.us\/es\/wp-json\/wp\/v2\/pages"}],"about":[{"href":"https:\/\/www.miamivirtualschool.us\/es\/wp-json\/wp\/v2\/types\/page"}],"author":[{"embeddable":true,"href":"https:\/\/www.miamivirtualschool.us\/es\/wp-json\/wp\/v2\/users\/38"}],"replies":[{"embeddable":true,"href":"https:\/\/www.miamivirtualschool.us\/es\/wp-json\/wp\/v2\/comments?post=723"}],"version-history":[{"count":0,"href":"https:\/\/www.miamivirtualschool.us\/es\/wp-json\/wp\/v2\/pages\/723\/revisions"}],"wp:attachment":[{"href":"https:\/\/www.miamivirtualschool.us\/es\/wp-json\/wp\/v2\/media?parent=723"}],"curies":[{"name":"wp","href":"https:\/\/api.w.org\/{rel}","templated":true}]}}